{"id":42,"date":"2020-12-02T16:55:24","date_gmt":"2020-12-02T19:55:24","guid":{"rendered":"http:\/\/brasfit.com.br\/aprovacao\/?page_id=42"},"modified":"2024-02-14T11:39:33","modified_gmt":"2024-02-14T14:39:33","slug":"empresa","status":"publish","type":"page","link":"https:\/\/brasfit.com.br\/es\/empresa\/","title":{"rendered":"Empresa"},"content":{"rendered":"\t\t<div data-elementor-type=\"wp-page\" data-elementor-id=\"42\" class=\"elementor elementor-42\">\n\t\t\t\t\t\t<section class=\"elementor-section elementor-top-section elementor-element elementor-element-564a50cc elementor-section-boxed elementor-section-height-default elementor-section-height-default\" data-id=\"564a50cc\" data-element_type=\"section\">\n\t\t\t\t\t\t<div class=\"elementor-container elementor-column-gap-default\">\n\t\t\t\t\t<div class=\"elementor-column elementor-col-100 elementor-top-column elementor-element elementor-element-5b9a5ac6\" data-id=\"5b9a5ac6\" data-element_type=\"column\">\n\t\t\t<div class=\"elementor-widget-wrap elementor-element-populated\">\n\t\t\t\t\t\t<div class=\"elementor-element elementor-element-55e1c743 elementor-widget elementor-widget-text-editor\" data-id=\"55e1c743\" data-element_type=\"widget\" data-widget_type=\"text-editor.default\">\n\t\t\t\t<div class=\"elementor-widget-container\">\n\t\t\t\t\t\t\t\t\t<p><\/p>\n<h2>Conoce Brasfit<\/h2>\n<p>BRASFIT produce una l\u00ednea completa de racores, tubos y espirales de lat\u00f3n para diferentes necesidades. Con un equipo de profesionales especializados y actualizados con las m\u00e1s modernas tecnolog\u00edas, BRASFIT se compromete a ofrecer un servicio diferenciado, priorizando la satisfacci\u00f3n del cliente y asegurando el mejor trato.<\/p>\t\t\t\t\t\t\t\t<\/div>\n\t\t\t\t<\/div>\n\t\t\t\t\t<\/div>\n\t\t<\/div>\n\t\t\t\t\t<\/div>\n\t\t<\/section>\n\t\t\t\t<\/div>\n\t\t","protected":false},"excerpt":{"rendered":"<p>Conoce Brasfit BRASFIT produce una l\u00ednea completa de racores, tubos y espirales de lat\u00f3n para diferentes necesidades. Con un equipo de profesionales especializados y actualizados con las m\u00e1s modernas tecnolog\u00edas, BRASFIT se compromete a ofrecer un servicio diferenciado, priorizando la satisfacci\u00f3n del cliente y asegurando el mejor trato.<\/p>\n","protected":false},"author":2,"featured_media":0,"parent":0,"menu_order":10,"comment_status":"closed","ping_status":"closed","template":"empresa.php","meta":{"_acf_changed":false,"footnotes":""},"class_list":["post-42","page","type-page","status-publish","hentry"],"acf":[],"yoast_head":"<!-- This site is optimized with the Yoast SEO plugin v25.2 - https:\/\/yoast.com\/wordpress\/plugins\/seo\/ -->\n<title>Empresa - Brasfit<\/title>\n<meta name=\"robots\" content=\"index, follow, max-snippet:-1, max-image-preview:large, max-video-preview:-1\" \/>\n<link rel=\"canonical\" href=\"https:\/\/brasfit.com.br\/empresa\/\" \/>\n<meta property=\"og:locale\" content=\"es_ES\" \/>\n<meta property=\"og:type\" content=\"article\" \/>\n<meta property=\"og:title\" content=\"Empresa - Brasfit\" \/>\n<meta property=\"og:description\" content=\"Conoce Brasfit BRASFIT produce una l\u00ednea completa de racores, tubos y espirales de lat\u00f3n para diferentes necesidades. Con un equipo de profesionales especializados y actualizados con las m\u00e1s modernas tecnolog\u00edas, BRASFIT se compromete a ofrecer un servicio diferenciado, priorizando la satisfacci\u00f3n del cliente y asegurando el mejor trato.\" \/>\n<meta property=\"og:url\" content=\"https:\/\/brasfit.com.br\/empresa\/\" \/>\n<meta property=\"og:site_name\" content=\"Brasfit\" \/>\n<meta property=\"article:modified_time\" content=\"2024-02-14T14:39:33+00:00\" \/>\n<meta name=\"twitter:card\" content=\"summary_large_image\" \/>\n<meta name=\"twitter:label1\" content=\"Tiempo de lectura\" \/>\n\t<meta name=\"twitter:data1\" content=\"1 minuto\" \/>\n<script type=\"application\/ld+json\" class=\"yoast-schema-graph\">{\"@context\":\"https:\/\/schema.org\",\"@graph\":[{\"@type\":\"WebPage\",\"@id\":\"https:\/\/brasfit.com.br\/empresa\/\",\"url\":\"https:\/\/brasfit.com.br\/empresa\/\",\"name\":\"Empresa - Brasfit\",\"isPartOf\":{\"@id\":\"https:\/\/brasfit.com.br\/#website\"},\"datePublished\":\"2020-12-02T19:55:24+00:00\",\"dateModified\":\"2024-02-14T14:39:33+00:00\",\"breadcrumb\":{\"@id\":\"https:\/\/brasfit.com.br\/empresa\/#breadcrumb\"},\"inLanguage\":\"es\",\"potentialAction\":[{\"@type\":\"ReadAction\",\"target\":[\"https:\/\/brasfit.com.br\/empresa\/\"]}]},{\"@type\":\"BreadcrumbList\",\"@id\":\"https:\/\/brasfit.com.br\/empresa\/#breadcrumb\",\"itemListElement\":[{\"@type\":\"ListItem\",\"position\":1,\"name\":\"In\u00edcio\",\"item\":\"https:\/\/brasfit.com.br\/\"},{\"@type\":\"ListItem\",\"position\":2,\"name\":\"Empresa\"}]},{\"@type\":\"WebSite\",\"@id\":\"https:\/\/brasfit.com.br\/#website\",\"url\":\"https:\/\/brasfit.com.br\/\",\"name\":\"Brasfit\",\"description\":\"\",\"potentialAction\":[{\"@type\":\"SearchAction\",\"target\":{\"@type\":\"EntryPoint\",\"urlTemplate\":\"https:\/\/brasfit.com.br\/?s={search_term_string}\"},\"query-input\":{\"@type\":\"PropertyValueSpecification\",\"valueRequired\":true,\"valueName\":\"search_term_string\"}}],\"inLanguage\":\"es\"}]}<\/script>\n<!-- \/ Yoast SEO plugin. -->","yoast_head_json":{"title":"Empresa - Brasfit","robots":{"index":"index","follow":"follow","max-snippet":"max-snippet:-1","max-image-preview":"max-image-preview:large","max-video-preview":"max-video-preview:-1"},"canonical":"https:\/\/brasfit.com.br\/empresa\/","og_locale":"es_ES","og_type":"article","og_title":"Empresa - Brasfit","og_description":"Conoce Brasfit BRASFIT produce una l\u00ednea completa de racores, tubos y espirales de lat\u00f3n para diferentes necesidades. Con un equipo de profesionales especializados y actualizados con las m\u00e1s modernas tecnolog\u00edas, BRASFIT se compromete a ofrecer un servicio diferenciado, priorizando la satisfacci\u00f3n del cliente y asegurando el mejor trato.","og_url":"https:\/\/brasfit.com.br\/empresa\/","og_site_name":"Brasfit","article_modified_time":"2024-02-14T14:39:33+00:00","twitter_card":"summary_large_image","twitter_misc":{"Tiempo de lectura":"1 minuto"},"schema":{"@context":"https:\/\/schema.org","@graph":[{"@type":"WebPage","@id":"https:\/\/brasfit.com.br\/empresa\/","url":"https:\/\/brasfit.com.br\/empresa\/","name":"Empresa - Brasfit","isPartOf":{"@id":"https:\/\/brasfit.com.br\/#website"},"datePublished":"2020-12-02T19:55:24+00:00","dateModified":"2024-02-14T14:39:33+00:00","breadcrumb":{"@id":"https:\/\/brasfit.com.br\/empresa\/#breadcrumb"},"inLanguage":"es","potentialAction":[{"@type":"ReadAction","target":["https:\/\/brasfit.com.br\/empresa\/"]}]},{"@type":"BreadcrumbList","@id":"https:\/\/brasfit.com.br\/empresa\/#breadcrumb","itemListElement":[{"@type":"ListItem","position":1,"name":"In\u00edcio","item":"https:\/\/brasfit.com.br\/"},{"@type":"ListItem","position":2,"name":"Empresa"}]},{"@type":"WebSite","@id":"https:\/\/brasfit.com.br\/#website","url":"https:\/\/brasfit.com.br\/","name":"Brasfit","description":"","potentialAction":[{"@type":"SearchAction","target":{"@type":"EntryPoint","urlTemplate":"https:\/\/brasfit.com.br\/?s={search_term_string}"},"query-input":{"@type":"PropertyValueSpecification","valueRequired":true,"valueName":"search_term_string"}}],"inLanguage":"es"}]}},"_links":{"self":[{"href":"https:\/\/brasfit.com.br\/es\/wp-json\/wp\/v2\/pages\/42","targetHints":{"allow":["GET"]}}],"collection":[{"href":"https:\/\/brasfit.com.br\/es\/wp-json\/wp\/v2\/pages"}],"about":[{"href":"https:\/\/brasfit.com.br\/es\/wp-json\/wp\/v2\/types\/page"}],"author":[{"embeddable":true,"href":"https:\/\/brasfit.com.br\/es\/wp-json\/wp\/v2\/users\/2"}],"replies":[{"embeddable":true,"href":"https:\/\/brasfit.com.br\/es\/wp-json\/wp\/v2\/comments?post=42"}],"version-history":[{"count":5,"href":"https:\/\/brasfit.com.br\/es\/wp-json\/wp\/v2\/pages\/42\/revisions"}],"predecessor-version":[{"id":16443,"href":"https:\/\/brasfit.com.br\/es\/wp-json\/wp\/v2\/pages\/42\/revisions\/16443"}],"wp:attachment":[{"href":"https:\/\/brasfit.com.br\/es\/wp-json\/wp\/v2\/media?parent=42"}],"curies":[{"name":"wp","href":"https:\/\/api.w.org\/{rel}","templated":true}]}}